{"id":91,"date":"2021-01-01T19:14:26","date_gmt":"2021-01-01T19:14:26","guid":{"rendered":"https:\/\/olivebranchcounselingservices.com\/?page_id=91"},"modified":"2021-01-03T04:33:26","modified_gmt":"2021-01-03T04:33:26","slug":"a-cra","status":"publish","type":"page","link":"https:\/\/olivebranchcounselingservices.com\/es\/a-cra\/","title":{"rendered":"Adolescent Community Reinforcement Approach          (A-CRA)"},"content":{"rendered":"<h3 class=\"wp-block-heading\">A-CRA es un programa de prevenci\u00f3n del abuso de sustancias para adolescentes y adultos j\u00f3venes de 12 a 24 a\u00f1os. <\/h3>\n\n\n\n<p>Como consejero certificado por A-CRA, mi objetivo es ayudar a los j\u00f3venes con problemas de abuso de sustancias nuevos o existentes aprovechando los sistemas de apoyo educativo, de familiares y amigos en su camino hacia la recuperaci\u00f3n. El programa consta de sesiones individuales y familiares con el paciente y con los padres \/ tutores donde trabajamos para ayudar al paciente a desarrollar habilidades relacionadas con la resoluci\u00f3n de problemas y la comunicaci\u00f3n y para promover la participaci\u00f3n en actividades sociales y recreativas positivas dentro y fuera de la escuela. Nuestro objetivo juntos ser\u00e1 eliminar cualquier problema de abuso de sustancias que pueda estar impidiendo que el paciente lleve una vida plena.<\/p>\n\n\n\n<div class=\"wp-block-image\"><figure class=\"aligncenter size-large is-resized\"><img loading=\"lazy\" decoding=\"async\" src=\"https:\/\/olivebranchcounselingservices.com\/wp-content\/uploads\/2021\/01\/qtq80-Dak9To-1024x642.jpeg\" alt=\"\" class=\"wp-image-182\" width=\"452\" height=\"283\" srcset=\"https:\/\/olivebranchcounselingservices.com\/wp-content\/uploads\/2021\/01\/qtq80-Dak9To-1024x642.jpeg 1024w, https:\/\/olivebranchcounselingservices.com\/wp-content\/uploads\/2021\/01\/qtq80-Dak9To-300x188.jpeg 300w, https:\/\/olivebranchcounselingservices.com\/wp-content\/uploads\/2021\/01\/qtq80-Dak9To-768x481.jpeg 768w, https:\/\/olivebranchcounselingservices.com\/wp-content\/uploads\/2021\/01\/qtq80-Dak9To-16x10.jpeg 16w, https:\/\/olivebranchcounselingservices.com\/wp-content\/uploads\/2021\/01\/qtq80-Dak9To.jpeg 1294w\" sizes=\"auto, (max-width: 452px) 100vw, 452px\" \/><\/figure><\/div>\n\n\n\n<p>Por favor <a href=\"https:\/\/olivebranchcounselingservices.com\/es\/contact\/\" title=\"Contacto\" target=\"_blank\" rel=\"noreferrer noopener\">cont\u00e1ctame<\/a> si cree que usted o su hijo se beneficiar\u00edan de A-CRA y le gustar\u00eda programar una consulta gratuita. Para obtener informaci\u00f3n m\u00e1s detallada sobre el programa, visite el <a href=\"https:\/\/www.chestnut.org\/ebtx\/treatments-and-research\/treatments\/a-cra\/\" title=\"https:\/\/www.chestnut.org\/ebtx\/treatments-and-research\/treatments\/a-cra\/\" target=\"_blank\" rel=\"noreferrer noopener\">sitio web de tratamiento<\/a>. <\/p>","protected":false},"excerpt":{"rendered":"<p>A-CRA is a substance abuse prevention program for adolescents and young adults aged 12-24. As an A-CRA certified counselor, my goal is to help young people with new or existing substance abuse issues by leveraging family, friends, and educational support systems on their road to recovery. The program consists of both individual and family sessions &hellip; <\/p>\n<p class=\"link-more\"><a href=\"https:\/\/olivebranchcounselingservices.com\/es\/a-cra\/\" class=\"more-link\">Continuar leyendo<span class=\"screen-reader-text\"> &#8220;Adolescent Community Reinforcement Approach          (A-CRA)&#8221;<\/span><\/a><\/p>","protected":false},"author":1,"featured_media":0,"parent":0,"menu_order":0,"comment_status":"closed","ping_status":"closed","template":"","meta":{"_coblocks_attr":"","_coblocks_dimensions":"","_coblocks_responsive_height":"","_coblocks_accordion_ie_support":"","_monsterinsights_skip_tracking":false,"_monsterinsights_sitenote_active":false,"_monsterinsights_sitenote_note":"","_monsterinsights_sitenote_category":0,"footnotes":""},"class_list":["post-91","page","type-page","status-publish","hentry"],"aioseo_notices":[],"_links":{"self":[{"href":"https:\/\/olivebranchcounselingservices.com\/es\/wp-json\/wp\/v2\/pages\/91","targetHints":{"allow":["GET"]}}],"collection":[{"href":"https:\/\/olivebranchcounselingservices.com\/es\/wp-json\/wp\/v2\/pages"}],"about":[{"href":"https:\/\/olivebranchcounselingservices.com\/es\/wp-json\/wp\/v2\/types\/page"}],"author":[{"embeddable":true,"href":"https:\/\/olivebranchcounselingservices.com\/es\/wp-json\/wp\/v2\/users\/1"}],"replies":[{"embeddable":true,"href":"https:\/\/olivebranchcounselingservices.com\/es\/wp-json\/wp\/v2\/comments?post=91"}],"version-history":[{"count":6,"href":"https:\/\/olivebranchcounselingservices.com\/es\/wp-json\/wp\/v2\/pages\/91\/revisions"}],"predecessor-version":[{"id":185,"href":"https:\/\/olivebranchcounselingservices.com\/es\/wp-json\/wp\/v2\/pages\/91\/revisions\/185"}],"wp:attachment":[{"href":"https:\/\/olivebranchcounselingservices.com\/es\/wp-json\/wp\/v2\/media?parent=91"}],"curies":[{"name":"wp","href":"https:\/\/api.w.org\/{rel}","templated":true}]}}