{"id":69,"date":"2021-01-01T18:49:26","date_gmt":"2021-01-01T18:49:26","guid":{"rendered":"https:\/\/olivebranchcounselingservices.com\/?page_id=69"},"modified":"2024-08-22T13:16:12","modified_gmt":"2024-08-22T17:16:12","slug":"therapy","status":"publish","type":"page","link":"https:\/\/olivebranchcounselingservices.com\/es\/therapy\/","title":{"rendered":"Individual and Family Tele-Therapy"},"content":{"rendered":"<h2 class=\"wp-block-heading\"><strong>Terapia Individual<\/strong> ($125-160 per session)<\/h2>\n\n\n<div class=\"wp-block-image\">\n<figure class=\"alignleft size-large is-resized\"><img loading=\"lazy\" decoding=\"async\" width=\"1024\" height=\"694\" src=\"https:\/\/olivebranchcounselingservices.com\/wp-content\/uploads\/2021\/01\/qtq80-KHD4aC-1024x694.jpeg\" alt=\"\" class=\"wp-image-73\" style=\"width:371px;height:250px\" srcset=\"https:\/\/olivebranchcounselingservices.com\/wp-content\/uploads\/2021\/01\/qtq80-KHD4aC-1024x694.jpeg 1024w, https:\/\/olivebranchcounselingservices.com\/wp-content\/uploads\/2021\/01\/qtq80-KHD4aC-300x203.jpeg 300w, https:\/\/olivebranchcounselingservices.com\/wp-content\/uploads\/2021\/01\/qtq80-KHD4aC-768x520.jpeg 768w, https:\/\/olivebranchcounselingservices.com\/wp-content\/uploads\/2021\/01\/qtq80-KHD4aC-1536x1041.jpeg 1536w, https:\/\/olivebranchcounselingservices.com\/wp-content\/uploads\/2021\/01\/qtq80-KHD4aC-2048x1388.jpeg 2048w\" sizes=\"auto, (max-width: 706px) 89vw, (max-width: 767px) 82vw, 740px\" \/><\/figure>\n<\/div>\n\n\n<div class=\"wp-block-group\"><div class=\"wp-block-group__inner-container is-layout-flow wp-block-group-is-layout-flow\">\n<p>We will work together one-on-one in a safe, supportive, non-judgmental environment to achieve your individual goals. In order to best meet your needs, I will work from an eclectic approach involving CBT, SFBT, and DBT. Therapy will consist of weekly 45-50 minute telehealth sessions until we decide on decreasing meeting frequency.<\/p>\n<\/div><\/div>\n\n\n\n<h2 class=\"wp-block-heading\"><strong>Terapia Familiar<\/strong> ($135-170 per session)<\/h2>\n\n\n\n<p>La terapia se llevar\u00e1 a cabo en un enfoque colaborativo donde se anima a toda la familia a asistir a las primeras 2-3 sesiones para obtener una visi\u00f3n hol\u00edstica de los problemas actuales en la familia y establecer un plan de tratamiento. A partir de ah\u00ed, a veces trabajar\u00e9 individualmente con el paciente identificado (ni\u00f1o o adulto) y otras veces con la familia en su conjunto. Al igual que con la terapia individual, cada familia viene con su propia historia \u00fanica. La consejer\u00eda puede ser una gran herramienta para abordar preocupaciones urgentes y fortalecer estrategias saludables que ayuden a construir relaciones dentro de la familia.<\/p>\n\n\n\n<h1 class=\"wp-block-heading\"><strong>Opciones de Pago<\/strong><\/h1>\n\n\n\n<p><strong>Auto pago<\/strong>: Para los clientes que pagan por cuenta propia, el pago se debe realizar en el momento del servicio mediante tarjeta de cr\u00e9dito o d\u00e9bito.<\/p>\n\n\n\n<p><strong>Seguro<\/strong>: I am an in-network provider with the following insurance companies: <\/p>\n\n\n\n<ul class=\"wp-block-list\">\n<li>CareFirst BlueCross BlueShield<\/li>\n\n\n\n<li>Aetna<\/li>\n\n\n\n<li>Cigna<\/li>\n\n\n\n<li>Johns Hopkins EHP<\/li>\n\n\n\n<li>Johns Hopkins US Family Health Plan<\/li>\n\n\n\n<li>UnitedHealthcare<\/li>\n<\/ul>\n\n\n\n<p>Estoy dispuesto a proporcionar una factura superior a los clientes que deseen presentar documentaci\u00f3n a su proveedor de seguro m\u00e9dico para un posible reembolso. Comun\u00edquese con su proveedor de seguros para determinar si los servicios de salud mental se pueden reembolsar seg\u00fan su plan.<\/p>\n\n\n\n<div class=\"wp-block-columns is-layout-flex wp-container-core-columns-is-layout-9d6595d7 wp-block-columns-is-layout-flex\">\n<div class=\"wp-block-column is-layout-flow wp-block-column-is-layout-flow\" style=\"flex-basis:100%\">\n<div class=\"wp-block-group\"><div class=\"wp-block-group__inner-container is-layout-flow wp-block-group-is-layout-flow\">\n<div class=\"wp-block-columns is-layout-flex wp-container-core-columns-is-layout-9d6595d7 wp-block-columns-is-layout-flex\">\n<div class=\"wp-block-column is-layout-flow wp-block-column-is-layout-flow\" style=\"flex-basis:100%\">\n<div class=\"wp-block-columns is-layout-flex wp-container-core-columns-is-layout-9d6595d7 wp-block-columns-is-layout-flex\">\n<div class=\"wp-block-column is-layout-flow wp-block-column-is-layout-flow\" style=\"flex-basis:100%\">\n<div class=\"wp-block-group\"><div class=\"wp-block-group__inner-container is-layout-flow wp-block-group-is-layout-flow\">\n<figure class=\"wp-block-gallery has-nested-images columns-default is-cropped coblocks-animate wp-block-gallery-1 is-layout-flex wp-block-gallery-is-layout-flex\" data-coblocks-animation=\"slideInRight\">\n<figure class=\"wp-block-image size-large\"><img loading=\"lazy\" decoding=\"async\" width=\"1024\" height=\"683\" data-id=\"74\" src=\"https:\/\/olivebranchcounselingservices.com\/wp-content\/uploads\/2021\/01\/qtq80-YaIxZZ-1024x683.jpeg\" alt=\"\" class=\"wp-image-74\" srcset=\"https:\/\/olivebranchcounselingservices.com\/wp-content\/uploads\/2021\/01\/qtq80-YaIxZZ-1024x683.jpeg 1024w, https:\/\/olivebranchcounselingservices.com\/wp-content\/uploads\/2021\/01\/qtq80-YaIxZZ-300x200.jpeg 300w, https:\/\/olivebranchcounselingservices.com\/wp-content\/uploads\/2021\/01\/qtq80-YaIxZZ-768x513.jpeg 768w, https:\/\/olivebranchcounselingservices.com\/wp-content\/uploads\/2021\/01\/qtq80-YaIxZZ.jpeg 1254w\" sizes=\"auto, (max-width: 706px) 89vw, (max-width: 767px) 82vw, 740px\" \/><\/figure>\n\n\n\n<figure class=\"wp-block-image size-large\"><img loading=\"lazy\" decoding=\"async\" width=\"1024\" height=\"683\" data-id=\"75\" src=\"https:\/\/olivebranchcounselingservices.com\/wp-content\/uploads\/2021\/01\/qtq80-rMMRCu-1024x683.jpeg\" alt=\"\" class=\"wp-image-75\" srcset=\"https:\/\/olivebranchcounselingservices.com\/wp-content\/uploads\/2021\/01\/qtq80-rMMRCu-1024x683.jpeg 1024w, https:\/\/olivebranchcounselingservices.com\/wp-content\/uploads\/2021\/01\/qtq80-rMMRCu-300x200.jpeg 300w, https:\/\/olivebranchcounselingservices.com\/wp-content\/uploads\/2021\/01\/qtq80-rMMRCu-768x512.jpeg 768w, https:\/\/olivebranchcounselingservices.com\/wp-content\/uploads\/2021\/01\/qtq80-rMMRCu-1536x1024.jpeg 1536w, https:\/\/olivebranchcounselingservices.com\/wp-content\/uploads\/2021\/01\/qtq80-rMMRCu-2048x1365.jpeg 2048w\" sizes=\"auto, (max-width: 706px) 89vw, (max-width: 767px) 82vw, 740px\" \/><\/figure>\n\n\n\n<figure class=\"wp-block-image size-large\"><img loading=\"lazy\" decoding=\"async\" width=\"1024\" height=\"683\" data-id=\"76\" src=\"https:\/\/olivebranchcounselingservices.com\/wp-content\/uploads\/2021\/01\/qtq80-AHZwS4-1024x683.jpeg\" alt=\"\" class=\"wp-image-76\" srcset=\"https:\/\/olivebranchcounselingservices.com\/wp-content\/uploads\/2021\/01\/qtq80-AHZwS4-1024x683.jpeg 1024w, https:\/\/olivebranchcounselingservices.com\/wp-content\/uploads\/2021\/01\/qtq80-AHZwS4-300x200.jpeg 300w, https:\/\/olivebranchcounselingservices.com\/wp-content\/uploads\/2021\/01\/qtq80-AHZwS4-768x512.jpeg 768w, https:\/\/olivebranchcounselingservices.com\/wp-content\/uploads\/2021\/01\/qtq80-AHZwS4-1536x1024.jpeg 1536w, https:\/\/olivebranchcounselingservices.com\/wp-content\/uploads\/2021\/01\/qtq80-AHZwS4-2048x1365.jpeg 2048w\" sizes=\"auto, (max-width: 706px) 89vw, (max-width: 767px) 82vw, 740px\" \/><\/figure>\n<\/figure>\n<\/div><\/div>\n<\/div>\n<\/div>\n<\/div>\n<\/div>\n<\/div><\/div>\n<\/div>\n<\/div>\n\n\n\n<p><\/p>","protected":false},"excerpt":{"rendered":"<p>Individual Therapy ($125-160 per session) We will work together one-on-one in a safe, supportive, non-judgmental environment to achieve your individual goals. In order to best meet your needs, I will work from an eclectic approach involving CBT, SFBT, and DBT. Therapy will consist of weekly 45-50 minute telehealth sessions until we decide on decreasing meeting &hellip; <\/p>\n<p class=\"link-more\"><a href=\"https:\/\/olivebranchcounselingservices.com\/es\/therapy\/\" class=\"more-link\">Continuar leyendo<span class=\"screen-reader-text\"> &#8220;Individual and Family Tele-Therapy&#8221;<\/span><\/a><\/p>","protected":false},"author":1,"featured_media":0,"parent":0,"menu_order":0,"comment_status":"closed","ping_status":"closed","template":"","meta":{"_coblocks_attr":"","_coblocks_dimensions":"","_coblocks_responsive_height":"","_coblocks_accordion_ie_support":"","_monsterinsights_skip_tracking":false,"_monsterinsights_sitenote_active":false,"_monsterinsights_sitenote_note":"","_monsterinsights_sitenote_category":0,"footnotes":""},"class_list":["post-69","page","type-page","status-publish","hentry"],"aioseo_notices":[],"_links":{"self":[{"href":"https:\/\/olivebranchcounselingservices.com\/es\/wp-json\/wp\/v2\/pages\/69","targetHints":{"allow":["GET"]}}],"collection":[{"href":"https:\/\/olivebranchcounselingservices.com\/es\/wp-json\/wp\/v2\/pages"}],"about":[{"href":"https:\/\/olivebranchcounselingservices.com\/es\/wp-json\/wp\/v2\/types\/page"}],"author":[{"embeddable":true,"href":"https:\/\/olivebranchcounselingservices.com\/es\/wp-json\/wp\/v2\/users\/1"}],"replies":[{"embeddable":true,"href":"https:\/\/olivebranchcounselingservices.com\/es\/wp-json\/wp\/v2\/comments?post=69"}],"version-history":[{"count":18,"href":"https:\/\/olivebranchcounselingservices.com\/es\/wp-json\/wp\/v2\/pages\/69\/revisions"}],"predecessor-version":[{"id":297,"href":"https:\/\/olivebranchcounselingservices.com\/es\/wp-json\/wp\/v2\/pages\/69\/revisions\/297"}],"wp:attachment":[{"href":"https:\/\/olivebranchcounselingservices.com\/es\/wp-json\/wp\/v2\/media?parent=69"}],"curies":[{"name":"wp","href":"https:\/\/api.w.org\/{rel}","templated":true}]}}