{"id":19,"date":"2020-12-27T00:11:36","date_gmt":"2020-12-27T00:11:36","guid":{"rendered":"https:\/\/olivebranchcounselingservices.com\/?page_id=19"},"modified":"2022-01-24T23:06:22","modified_gmt":"2022-01-25T04:06:22","slug":"about","status":"publish","type":"page","link":"https:\/\/olivebranchcounselingservices.com\/es\/about\/","title":{"rendered":"About Me"},"content":{"rendered":"<div class=\"wp-block-image\"><figure class=\"alignleft size-large is-resized\"><img loading=\"lazy\" decoding=\"async\" src=\"https:\/\/olivebranchcounselingservices.com\/wp-content\/uploads\/2020\/12\/fullsizeoutput_20de-768x1024.jpeg\" alt=\"\" class=\"wp-image-31\" width=\"371\" height=\"495\" srcset=\"https:\/\/olivebranchcounselingservices.com\/wp-content\/uploads\/2020\/12\/fullsizeoutput_20de-768x1024.jpeg 768w, https:\/\/olivebranchcounselingservices.com\/wp-content\/uploads\/2020\/12\/fullsizeoutput_20de-225x300.jpeg 225w, https:\/\/olivebranchcounselingservices.com\/wp-content\/uploads\/2020\/12\/fullsizeoutput_20de-1152x1536.jpeg 1152w, https:\/\/olivebranchcounselingservices.com\/wp-content\/uploads\/2020\/12\/fullsizeoutput_20de-1536x2048.jpeg 1536w, https:\/\/olivebranchcounselingservices.com\/wp-content\/uploads\/2020\/12\/fullsizeoutput_20de-scaled.jpeg 1920w\" sizes=\"auto, (max-width: 371px) 100vw, 371px\" \/><\/figure><\/div>\n\n\n\n<div class=\"wp-block-group alignwide\"><div class=\"wp-block-group__inner-container is-layout-flow wp-block-group-is-layout-flow\">\n<p>Soy un colombiano-estadounidense biling\u00fce de primera generaci\u00f3n nacido y criado en el gran estado de Maryland. Desde que tengo memoria, me apasiona ofrecerme para ayudar a las personas que necesitan apoyo. Ese impulso interno es lo que aliment\u00f3 mi esp\u00edritu para seguir una carrera en el campo de la salud mental, donde uso mi empat\u00eda, compasi\u00f3n y habilidades para resolver problemas para ayudar a otros a encontrar el equilibrio en sus vidas. Mis clientes me considerar\u00edan accesible y de mente abierta, pero sin miedo a desafiarlos cuando sea necesario para lograr sus objetivos generales.&nbsp;<\/p>\n\n\n\n<p class=\"has-text-align-left\">Obtuve mi licenciatura en Psicolog\u00eda de la Universidad de Stevenson en 2013 y luego obtuve mi Maestr\u00eda en Psicolog\u00eda de Consejer\u00eda de la Universidad de Towson en 2017. Trabajo principalmente en terapia familiar, particularmente con problemas derivados del ADHD, comportamiento desafiante o desobediente y estado de \u00e1nimo. Tambi\u00e9n me especializo en terapia individual con adultos que enfrentan problemas relacionados con la ansiedad, la depresi\u00f3n o las transiciones de la vida.<\/p>\n\n\n\n<p>Mi enfoque se basa en utilizar a toda la familia como un equipo de jugadores, todos los cuales tienen sus propios deberes individuales para crear y facilitar un proceso terap\u00e9utico saludable. Utilizo principalmente una combinaci\u00f3n de terapia cognitivo-conductual, apoyo basado en fortalezas, educaci\u00f3n para padres y terapia breve centrada en soluciones en mi pr\u00e1ctica. El trabajo en equipo es la clave para superar los obst\u00e1culos familiares y creo que con mi apoyo podemos lograr las metas que tiene para usted y sus hijos.<\/p>\n\n\n\n<p>\u00bfInteresado en reservar su primera cita? <a href=\"https:\/\/olivebranchcounselingservices.com\/es\/contact\/\" data-type=\"page\" data-id=\"20\">Haga clic aqu\u00ed. <\/a><\/p>\n<\/div><\/div>\n\n\n\n<h3 class=\"wp-block-heading\">Qualifications and Credentials<\/h3>\n\n\n\n<ul class=\"wp-block-list\"><li><strong>A\u00f1os de pr\u00e1ctica:<\/strong>\u00a05 Years<\/li><li><strong>Licencia:<\/strong>\u00a0Maryland \/ 10748<\/li><li><strong>Certificaciones: <\/strong><ul><li>Chestnut Health Systems &#8211; A-CRA Full Clinician Certification\u00a0(2019)<\/li><\/ul><\/li><li><strong>Educaci\u00f3n:<\/strong><ul><li>Towson University, MA Counseling Psychology &#8217;17<\/li><\/ul><ul><li>Stevenson University, BS in Psychology &#8217;13<\/li><\/ul><\/li><\/ul>","protected":false},"excerpt":{"rendered":"<p>I am a bilingual, first-generation Colombian-American. I was born and raised right here in Maryland and look forward to serving my local community through therapeutic services. For as long as I can remember I have been passionate about offering myself to help people that may need guidance or support. That internal drive is what fueled &hellip; <\/p>\n<p class=\"link-more\"><a href=\"https:\/\/olivebranchcounselingservices.com\/es\/about\/\" class=\"more-link\">Continuar leyendo<span class=\"screen-reader-text\"> &#8220;About Me&#8221;<\/span><\/a><\/p>","protected":false},"author":1,"featured_media":0,"parent":0,"menu_order":0,"comment_status":"closed","ping_status":"closed","template":"","meta":{"_coblocks_attr":"","_coblocks_dimensions":"","_coblocks_responsive_height":"","_coblocks_accordion_ie_support":"","_monsterinsights_skip_tracking":false,"_monsterinsights_sitenote_active":false,"_monsterinsights_sitenote_note":"","_monsterinsights_sitenote_category":0,"footnotes":""},"class_list":["post-19","page","type-page","status-publish","hentry"],"aioseo_notices":[],"_links":{"self":[{"href":"https:\/\/olivebranchcounselingservices.com\/es\/wp-json\/wp\/v2\/pages\/19","targetHints":{"allow":["GET"]}}],"collection":[{"href":"https:\/\/olivebranchcounselingservices.com\/es\/wp-json\/wp\/v2\/pages"}],"about":[{"href":"https:\/\/olivebranchcounselingservices.com\/es\/wp-json\/wp\/v2\/types\/page"}],"author":[{"embeddable":true,"href":"https:\/\/olivebranchcounselingservices.com\/es\/wp-json\/wp\/v2\/users\/1"}],"replies":[{"embeddable":true,"href":"https:\/\/olivebranchcounselingservices.com\/es\/wp-json\/wp\/v2\/comments?post=19"}],"version-history":[{"count":26,"href":"https:\/\/olivebranchcounselingservices.com\/es\/wp-json\/wp\/v2\/pages\/19\/revisions"}],"predecessor-version":[{"id":289,"href":"https:\/\/olivebranchcounselingservices.com\/es\/wp-json\/wp\/v2\/pages\/19\/revisions\/289"}],"wp:attachment":[{"href":"https:\/\/olivebranchcounselingservices.com\/es\/wp-json\/wp\/v2\/media?parent=19"}],"curies":[{"name":"wp","href":"https:\/\/api.w.org\/{rel}","templated":true}]}}