{"id":18,"date":"2020-12-27T00:11:36","date_gmt":"2020-12-27T00:11:36","guid":{"rendered":"https:\/\/olivebranchcounselingservices.com\/?page_id=18"},"modified":"2021-04-24T20:55:06","modified_gmt":"2021-04-25T00:55:06","slug":"home","status":"publish","type":"page","link":"https:\/\/olivebranchcounselingservices.com\/es\/","title":{"rendered":"Home"},"content":{"rendered":"<h1 class=\"wp-block-heading\"><strong>Comunicaci\u00f3n. Colaborar.<\/strong><\/h1>\n\n\n\n<p class=\"has-custom-letterspacing\" style=\"letter-spacing:0.1px;font-size:18px\"><em>La comunicaci\u00f3n abierta y la colaboraci\u00f3n pueden llevarnos a tener paz en nuestras vidas.<\/em><\/p>\n\n\n\n<p style=\"font-size:15px\"><em>Para informaci\u00f3n en espa\u00f1ol <a href=\"https:\/\/olivebranchcounselingservices.com\/es\" title=\"olivebranchcounselingservices.com\/es\">presione el bot\u00f3n acq\u00ed<\/a>.<\/em><\/p>\n\n\n\n<div class=\"wp-block-image\"><figure class=\"alignleft size-large is-resized\"><img loading=\"lazy\" decoding=\"async\" src=\"https:\/\/olivebranchcounselingservices.com\/wp-content\/uploads\/2020\/12\/shahan-khan-baYcfYBUieA-unsplash-1024x681.jpg\" alt=\"\" class=\"wp-image-58\" width=\"379\" height=\"252\" srcset=\"https:\/\/olivebranchcounselingservices.com\/wp-content\/uploads\/2020\/12\/shahan-khan-baYcfYBUieA-unsplash-1024x681.jpg 1024w, https:\/\/olivebranchcounselingservices.com\/wp-content\/uploads\/2020\/12\/shahan-khan-baYcfYBUieA-unsplash-300x199.jpg 300w, https:\/\/olivebranchcounselingservices.com\/wp-content\/uploads\/2020\/12\/shahan-khan-baYcfYBUieA-unsplash-768x511.jpg 768w, https:\/\/olivebranchcounselingservices.com\/wp-content\/uploads\/2020\/12\/shahan-khan-baYcfYBUieA-unsplash-1536x1021.jpg 1536w, https:\/\/olivebranchcounselingservices.com\/wp-content\/uploads\/2020\/12\/shahan-khan-baYcfYBUieA-unsplash-2048x1362.jpg 2048w\" sizes=\"auto, (max-width: 379px) 100vw, 379px\" \/><\/figure><\/div>\n\n\n\n<p>Se siente abrumado al satisfacer las necesidades de su hijo durante un intenso estallido de ira. Los sentimientos de insuficiencia y agotamiento est\u00e1n comenzando a afianzarse a medida que cada habilidad de crianza que intenta implementar se cae de bruces. Sigues pregunt\u00e1ndote \"\u00bfqu\u00e9 estoy haciendo mal\", \"por qu\u00e9 no est\u00e1n escuchando o siguiendo instrucciones\" o \"c\u00f3mo puedo ayudar a mi hijo a ser la persona en la que son capaces de convertirse?\" La crianza de los hijos es un gran reto para cualquiera, pero ahora no tiene que hacerlo solo. <\/p>\n\n\n\n<p>La terapia puede ser un proceso satisfactorio y de apoyo que puede ayudarnos a reconocer y superar las cosas que ya no sirven a nuestras vidas. Puede ayudar a las familias a crear un plan transformador que ayude a todos los involucrados a alcanzar sus metas, tanto ni\u00f1os como adultos. Ofrezco mis servicios para ayudar a las familias a recuperar un sentido de control y paz sin perderse la diversi\u00f3n.<\/p>\n\n\n\n<p>Mi objetivo como terapeuta es recorrer este camino a tu lado para ayudarte a llegar a tu destino final. Cuando una familia est\u00e1 unida no hay obst\u00e1culos que no se puedan superar. <a href=\"https:\/\/olivebranchcounselingservices.com\/es\/contact\/\" title=\"Contacto\" target=\"_blank\" rel=\"noreferrer noopener\">Contact me today<\/a> for a free 15-minute consultation to see if we are a good fit. I look forward to hearing from you. <\/p>\n\n\n\n<h1 class=\"wp-block-heading\"><strong>La primera sesi\u00f3n: qu\u00e9 esperar<\/strong><\/h1>\n\n\n\n<p>\u00bfAs\u00ed que ha decidido que quiere tener su primera sesi\u00f3n de terapia? \u00a1Felicidades! Ese es un paso importante hacia la superaci\u00f3n personal. Sin embargo, la ansiedad y la incertidumbre por no saber c\u00f3mo ser\u00e1 una primera sesi\u00f3n de terapia pueden frenar a muchas personas. Espero que esta breve explicaci\u00f3n disipe cualquier miedo que pueda tener sobre el proceso y detalle c\u00f3mo ser\u00e1n las primeras sesiones conmigo en Olive Branch.&nbsp;<\/p>\n\n\n\n<p>Primero, respira profundo. La inquietud y la preocupaci\u00f3n que pueda sentir al comenzar la terapia son comunes. Cuando llegue a su primera sesi\u00f3n conmigo, ya sea en forma virtual o en persona, comenzaremos nuestra sesi\u00f3n introductoria. Durante nuestro tiempo juntos, revisaremos juntos la documentaci\u00f3n de admisi\u00f3n preliminar, incluidas las pol\u00edticas de mi pr\u00e1ctica, las tarifas de las sesiones, las pol\u00edticas de cancelaci\u00f3n, los acuerdos de confidencialidad y otros detalles importantes. Estos documentos se proporcionan con anticipaci\u00f3n para ser revisados \u200b\u200bantes de nuestra primera sesi\u00f3n juntos.&nbsp;<\/p>\n\n\n\n<div class=\"wp-block-image\"><figure class=\"alignright size-large is-resized\"><img loading=\"lazy\" decoding=\"async\" src=\"https:\/\/olivebranchcounselingservices.com\/wp-content\/uploads\/2021\/04\/woman-with-hands-together-talking-with-counselor-1024x683.jpg\" alt=\"\" class=\"wp-image-275\" width=\"343\" height=\"228\" srcset=\"https:\/\/olivebranchcounselingservices.com\/wp-content\/uploads\/2021\/04\/woman-with-hands-together-talking-with-counselor-1024x683.jpg 1024w, https:\/\/olivebranchcounselingservices.com\/wp-content\/uploads\/2021\/04\/woman-with-hands-together-talking-with-counselor-300x200.jpg 300w, https:\/\/olivebranchcounselingservices.com\/wp-content\/uploads\/2021\/04\/woman-with-hands-together-talking-with-counselor-768x512.jpg 768w, https:\/\/olivebranchcounselingservices.com\/wp-content\/uploads\/2021\/04\/woman-with-hands-together-talking-with-counselor-1536x1025.jpg 1536w, https:\/\/olivebranchcounselingservices.com\/wp-content\/uploads\/2021\/04\/woman-with-hands-together-talking-with-counselor-2048x1366.jpg 2048w, https:\/\/olivebranchcounselingservices.com\/wp-content\/uploads\/2021\/04\/woman-with-hands-together-talking-with-counselor-16x12.jpg 16w\" sizes=\"auto, (max-width: 343px) 100vw, 343px\" \/><\/figure><\/div>\n\n\n\n<p>Despu\u00e9s de esto, comenzaremos la parte de evaluaci\u00f3n diagn\u00f3stica de nuestra sesi\u00f3n, lo que simplemente significa que vamos a hablar sobre lo que le ha hecho buscar consejeria, qu\u00e9 s\u00edntomas (si los hay) est\u00e1 sintiendo y cu\u00e1les ser\u00e1n sus principales objetivos mientras asiste terapia. La primera sesi\u00f3n ser\u00e1 la m\u00e1s cargada de informaci\u00f3n de todas las sesiones de terapia y probablemente incluir\u00e1 hablar sobre su infancia, su familia, su trabajo y su historial de relaciones a medida que aprenda m\u00e1s sobre usted y su vida. \u00a1Ven preparado para hablar!&nbsp;<\/p>\n\n\n\n<p>Despu\u00e9s de completar la evaluaci\u00f3n, es probable que trabajemos juntos para identificar un conjunto de objetivos que desea alcanzar durante su tiempo en la terapia. Sus objetivos deben especificar de manera clara y concisa lo que desea lograr. Esto puede parecer abrumador, pero trabajaremos juntos para navegar por lo que es m\u00e1s importante en este momento. Animo a mis clientes a elegir tres objetivos concretos para comenzar antes de agregar m\u00e1s. Es importante abordar los problemas m\u00e1s urgentes de frente, y una vez que los haya completado, siempre puede agregar m\u00e1s en el futuro.<\/p>\n\n\n\n<p>La primera sesi\u00f3n de terapia tambi\u00e9n es el momento para hacer cualquier pregunta que pueda tener sobre qu\u00e9 esperar de la terapia o cualquier cosa sobre m\u00ed. Mi objetivo es construir una relaci\u00f3n s\u00f3lida contigo durante nuestro tiempo juntos, as\u00ed que si hay algo sobre lo que necesitas claridad o simplemente algo que deseas saber m\u00e1s sobre m\u00ed, \u00a1pregunta!&nbsp;<\/p>\n\n\n\n<p>En este punto, \u00a1habremos pasado nuestra primera hora juntos! Si sientes que la sesi\u00f3n fue \u00fatil y que sinti\u00f3 una conexi\u00f3n positiva, normalmente programaremos su pr\u00f3xima cita. Dicho esto, es importante que no se sienta atrapado conmigo si soy el primer (o incluso el segundo) terapeuta que ha visto. Ning\u00fan terapeuta puede encajar perfectamente con cada cliente. Deje que la experiencia y nuestra interacci\u00f3n inicial le aconsejen si desea continuar con mis servicios o buscar otros servicios. Independientemente del resultado, ha dado un paso importante en la b\u00fasqueda de ayuda y ahora puede continuar su viaje hacia una mejor persona.<\/p>\n\n\n\n<p>Si desea hablar conmigo sobre c\u00f3mo programar una cita, comun\u00edquese conmigo. \u00a1Espero conocerte! <a href=\"https:\/\/olivebranchcounselingservices.com\/es\/contact\/\" target=\"_blank\" rel=\"noreferrer noopener\" title=\"Contacto\">cont\u00e1ctame<\/a>. I look forward to meeting you!<\/p>\n\n\n\n<p style=\"font-size:12px\"><a href=\"https:\/\/www.freepik.com\/photos\/health\" target=\"_blank\" rel=\"noreferrer noopener\"><em>Health photo created by freepik &#8211; www.freepik.com<\/em><\/a><\/p>","protected":false},"excerpt":{"rendered":"<p>Communicate. Collaborate. Open communication and collaboration pave the way to a more peaceful life. Para informaci\u00f3n en espa\u00f1ol presione el bot\u00f3n acq\u00ed. You&#8217;re feeling overwhelmed meeting the needs of your child during an intense outburst of anger. The feelings of inadequacy and exhaustion are starting to take hold as each parenting skill you try to &hellip; <\/p>\n<p class=\"link-more\"><a href=\"https:\/\/olivebranchcounselingservices.com\/es\/\" class=\"more-link\">Continuar leyendo<span class=\"screen-reader-text\"> &#8220;Home&#8221;<\/span><\/a><\/p>","protected":false},"author":1,"featured_media":0,"parent":0,"menu_order":0,"comment_status":"closed","ping_status":"closed","template":"","meta":{"_coblocks_attr":"","_coblocks_dimensions":"","_coblocks_responsive_height":"","_coblocks_accordion_ie_support":"","_monsterinsights_skip_tracking":false,"_monsterinsights_sitenote_active":false,"_monsterinsights_sitenote_note":"","_monsterinsights_sitenote_category":0,"footnotes":""},"class_list":["post-18","page","type-page","status-publish","hentry"],"aioseo_notices":[],"_links":{"self":[{"href":"https:\/\/olivebranchcounselingservices.com\/es\/wp-json\/wp\/v2\/pages\/18","targetHints":{"allow":["GET"]}}],"collection":[{"href":"https:\/\/olivebranchcounselingservices.com\/es\/wp-json\/wp\/v2\/pages"}],"about":[{"href":"https:\/\/olivebranchcounselingservices.com\/es\/wp-json\/wp\/v2\/types\/page"}],"author":[{"embeddable":true,"href":"https:\/\/olivebranchcounselingservices.com\/es\/wp-json\/wp\/v2\/users\/1"}],"replies":[{"embeddable":true,"href":"https:\/\/olivebranchcounselingservices.com\/es\/wp-json\/wp\/v2\/comments?post=18"}],"version-history":[{"count":19,"href":"https:\/\/olivebranchcounselingservices.com\/es\/wp-json\/wp\/v2\/pages\/18\/revisions"}],"predecessor-version":[{"id":281,"href":"https:\/\/olivebranchcounselingservices.com\/es\/wp-json\/wp\/v2\/pages\/18\/revisions\/281"}],"wp:attachment":[{"href":"https:\/\/olivebranchcounselingservices.com\/es\/wp-json\/wp\/v2\/media?parent=18"}],"curies":[{"name":"wp","href":"https:\/\/api.w.org\/{rel}","templated":true}]}}