{"id":102,"date":"2021-01-01T21:00:24","date_gmt":"2021-01-01T21:00:24","guid":{"rendered":"https:\/\/olivebranchcounselingservices.com\/?page_id=102"},"modified":"2021-01-03T04:32:28","modified_gmt":"2021-01-03T04:32:28","slug":"services","status":"publish","type":"page","link":"https:\/\/olivebranchcounselingservices.com\/es\/services\/","title":{"rendered":"Servicios"},"content":{"rendered":"<div class=\"wp-block-columns are-vertically-aligned-top is-layout-flex wp-container-core-columns-is-layout-9d6595d7 wp-block-columns-is-layout-flex\">\n<div class=\"wp-block-column is-vertically-aligned-top is-layout-flow wp-block-column-is-layout-flow\">\n<div class=\"wp-block-group\"><div class=\"wp-block-group__inner-container is-layout-flow wp-block-group-is-layout-flow\">\n<div class=\"wp-block-image is-style-default\"><figure class=\"aligncenter size-large\"><img loading=\"lazy\" decoding=\"async\" width=\"1024\" height=\"671\" src=\"https:\/\/olivebranchcounselingservices.com\/wp-content\/uploads\/2021\/01\/qtq80-4T8olp-1024x671.jpeg\" alt=\"\" class=\"wp-image-179\" srcset=\"https:\/\/olivebranchcounselingservices.com\/wp-content\/uploads\/2021\/01\/qtq80-4T8olp-1024x671.jpeg 1024w, https:\/\/olivebranchcounselingservices.com\/wp-content\/uploads\/2021\/01\/qtq80-4T8olp-300x196.jpeg 300w, https:\/\/olivebranchcounselingservices.com\/wp-content\/uploads\/2021\/01\/qtq80-4T8olp-768x503.jpeg 768w, https:\/\/olivebranchcounselingservices.com\/wp-content\/uploads\/2021\/01\/qtq80-4T8olp-16x10.jpeg 16w, https:\/\/olivebranchcounselingservices.com\/wp-content\/uploads\/2021\/01\/qtq80-4T8olp.jpeg 1266w\" sizes=\"auto, (max-width: 706px) 89vw, (max-width: 767px) 82vw, 740px\" \/><\/figure><\/div>\n\n\n\n<h2 class=\"has-text-align-left has-black-color has-text-color wp-block-heading\" style=\"font-size:25px\">Terapia Individual y Familiar<\/h2>\n\n\n\n<p>Consejer\u00eda para usted y su familia. <\/p>\n\n\n\n<p class=\"has-text-align-left\"><a href=\"https:\/\/olivebranchcounselingservices.com\/es\/therapy\/\" target=\"_blank\" rel=\"noreferrer noopener\" title=\"Terapia Individual y Familiar\">Para m\u00e1s informaci\u00f3n haga clic aqu\u00ed.<\/a><\/p>\n<\/div><\/div>\n<\/div>\n\n\n\n<div class=\"wp-block-column is-vertically-aligned-top is-layout-flow wp-block-column-is-layout-flow\">\n<div class=\"wp-block-group\"><div class=\"wp-block-group__inner-container is-layout-flow wp-block-group-is-layout-flow\">\n<div class=\"wp-block-image is-style-default\"><figure class=\"aligncenter size-large\"><img loading=\"lazy\" decoding=\"async\" width=\"1024\" height=\"682\" src=\"https:\/\/olivebranchcounselingservices.com\/wp-content\/uploads\/2021\/01\/qtq80-3zxKoo-1024x682.jpeg\" alt=\"\" class=\"wp-image-180\" srcset=\"https:\/\/olivebranchcounselingservices.com\/wp-content\/uploads\/2021\/01\/qtq80-3zxKoo-1024x682.jpeg 1024w, https:\/\/olivebranchcounselingservices.com\/wp-content\/uploads\/2021\/01\/qtq80-3zxKoo-300x200.jpeg 300w, https:\/\/olivebranchcounselingservices.com\/wp-content\/uploads\/2021\/01\/qtq80-3zxKoo-768x512.jpeg 768w, https:\/\/olivebranchcounselingservices.com\/wp-content\/uploads\/2021\/01\/qtq80-3zxKoo-1536x1024.jpeg 1536w, https:\/\/olivebranchcounselingservices.com\/wp-content\/uploads\/2021\/01\/qtq80-3zxKoo-2048x1365.jpeg 2048w, https:\/\/olivebranchcounselingservices.com\/wp-content\/uploads\/2021\/01\/qtq80-3zxKoo-16x12.jpeg 16w\" sizes=\"auto, (max-width: 706px) 89vw, (max-width: 767px) 82vw, 740px\" \/><\/figure><\/div>\n\n\n\n<h2 class=\"has-text-align-left has-black-color has-text-color wp-block-heading\" style=\"font-size:20px\">Adolescent Community Reinforcement Approach (A-CRA)<\/h2>\n\n\n\n<p>Programa de prevenci\u00f3n del abuso de sustancias para adolescentes y adultos j\u00f3venes. <\/p>\n\n\n\n<p class=\"has-text-align-left\"><a href=\"https:\/\/olivebranchcounselingservices.com\/es\/a-cra\/\" title=\"Adolescent Community Reinforcement Approach          (A-CRA)\">Consigue ayuda.<\/a><\/p>\n<\/div><\/div>\n<\/div>\n\n\n\n<div class=\"wp-block-column is-vertically-aligned-top is-layout-flow wp-block-column-is-layout-flow\">\n<div class=\"wp-block-group is-layout-flow wp-block-group-is-layout-flow\"><div class=\"wp-block-group__inner-container\"><\/div><\/div>\n<\/div>\n<\/div>","protected":false},"excerpt":{"rendered":"<p>Individual and Family Therapy Counseling for you and your family. Learn More \u2192 Adolescent Community Reinforcement Approach (A-CRA) Substance-abuse prevention program for teens and young adults. Get Help \u2192<\/p>","protected":false},"author":1,"featured_media":0,"parent":0,"menu_order":0,"comment_status":"closed","ping_status":"closed","template":"","meta":{"_coblocks_attr":"","_coblocks_dimensions":"","_coblocks_responsive_height":"","_coblocks_accordion_ie_support":"","_monsterinsights_skip_tracking":false,"_monsterinsights_sitenote_active":false,"_monsterinsights_sitenote_note":"","_monsterinsights_sitenote_category":0,"footnotes":""},"class_list":["post-102","page","type-page","status-publish","hentry"],"aioseo_notices":[],"_links":{"self":[{"href":"https:\/\/olivebranchcounselingservices.com\/es\/wp-json\/wp\/v2\/pages\/102","targetHints":{"allow":["GET"]}}],"collection":[{"href":"https:\/\/olivebranchcounselingservices.com\/es\/wp-json\/wp\/v2\/pages"}],"about":[{"href":"https:\/\/olivebranchcounselingservices.com\/es\/wp-json\/wp\/v2\/types\/page"}],"author":[{"embeddable":true,"href":"https:\/\/olivebranchcounselingservices.com\/es\/wp-json\/wp\/v2\/users\/1"}],"replies":[{"embeddable":true,"href":"https:\/\/olivebranchcounselingservices.com\/es\/wp-json\/wp\/v2\/comments?post=102"}],"version-history":[{"count":8,"href":"https:\/\/olivebranchcounselingservices.com\/es\/wp-json\/wp\/v2\/pages\/102\/revisions"}],"predecessor-version":[{"id":184,"href":"https:\/\/olivebranchcounselingservices.com\/es\/wp-json\/wp\/v2\/pages\/102\/revisions\/184"}],"wp:attachment":[{"href":"https:\/\/olivebranchcounselingservices.com\/es\/wp-json\/wp\/v2\/media?parent=102"}],"curies":[{"name":"wp","href":"https:\/\/api.w.org\/{rel}","templated":true}]}}